{"id":474,"date":"2019-10-17T08:29:57","date_gmt":"2019-10-17T08:29:57","guid":{"rendered":"https:\/\/kottmair.eu\/?page_id=474"},"modified":"2022-07-20T12:01:49","modified_gmt":"2022-07-20T10:01:49","slug":"mesmerize","status":"publish","type":"page","link":"https:\/\/kottmair.eu\/","title":{"rendered":"Front Page"},"content":{"rendered":"<div  class=\"overlappable-4 content-section content-section-spacing\" id=\"overlappable-4\" style=\"background-color: #ffffff;\" data-label=\"Overlappable\" data-id=\"overlappable-4\" data-category=\"overlappable\" data-overlap=\"true\" data-export-id=\"overlappable-4\"><div  class=\"gridContainer\"> <div  class=\"row spaced-cols text-center\" data-type=\"row\"><div  class=\"col-xs-12 col-sm-4 col-padding\"> <a data-cp-link=\"1\" href=\"https:\/\/kottmair.eu?page_id=570\" target=\"_self\" rel=\"noopener noreferrer\"><i  class=\"fa icon shadow-large-black aligncenter fa-address-card reverse round large color1\"><\/i><\/a> <div  data-type=\"column\" class=\"\"> <h5  class=\"\">\u00dcBER MICH<\/h5> <p  class=\"\">Ein Hobbyautor, der eigentlich\n<br >Softwareentwickler ist?<\/p><\/div> <\/div> <div  class=\"col-xs-12 col-sm-4 col-padding\"> <a data-cp-link=\"1\" href=\"https:\/\/kottmair.eu?page_id=551\" target=\"_self\" rel=\"noopener noreferrer\"><i  class=\"fa icon shadow-large-black aligncenter color1 fa-book reverse round large\"><\/i><\/a> <div  data-type=\"column\" class=\"\"><h5  class=\"\">MEINE B\u00dcCHER<\/h5> <p  class=\"\">Alle gedruckten Werke, die es\n<br >von mir bereits zu kaufen gibt<\/p><\/div> <\/div> <div  class=\"col-xs-12 col-sm-4 col-padding\"> <a data-cp-link=\"1\" href=\"https:\/\/kottmair.eu?page_id=595\" target=\"_self\" rel=\"noopener\"><i  class=\"fa icon shadow-large-black aligncenter fa-edit reverse round large color1\"><\/i><\/a> <div  data-type=\"column\" class=\"\"><h5  class=\"\">LYRIK<\/h5> <p  class=\"\">Nicht l\u00e4nger im Geheimen reimen!<br >Hier darf das jedes Wesen lesen.<\/p><\/div> <\/div><\/div> <\/div><\/div><div  class=\"features-12-card-bordered content-section content-section-spacing \" id=\"brain-cookies-ii\" style=\"background-color: #ffffff;\" data-label=\"Brain Cookies II\" data-id=\"features-12-card-bordered\" data-category=\"features\" data-export-id=\"features-12-card-bordered\"><div  class=\"gridContainer\"> <div  class=\"row text-center\"><div  class=\"section-title-col\" data-type=\"column\"> <h2  class=\"\">Brain Cookies II<\/h2> <p  class=\"lead\">Der Nachfolger der 2019 erschienenen Sammlung von kuriosem,\n<br >erstaunlichem, interessanten und manchmal absurdem Wissen&nbsp;<\/p><p  class=\"\"><\/p><p  class=\"MsoNoSpacing\">Wenn Sie wissen m\u00f6chten, in welchem Land man einmal die\nEinf\u00fchrung einer Furzsteuer erwog,\n<br >welcher Papst erotische Literatur schrieb, weshalb\nEintracht Fuhlsb\u00fcttel nur Heimspiele austr\u00e4gt,\n<br >wo sich der \u00d6sterreichermuskel\nbefindet, warum man beim Br\u00fcckenbau das Fleischgewicht ber\u00fccksichtigt\n<br >und welche\nFu\u00dfballmannschaft als \u201eKrawattenmann des Jahres 2003\u201c ausgezeichnet wurde,\n<br >erfahren Sie es neben unz\u00e4hligen weiteren interessanten, kuriosen und witzigen\n<br >\u201eAppetith\u00e4ppchen\u201c\nf\u00fcrs Gehirn in diesem Buch.<o  :p=\"\"><\/o><\/p><a class=\"button color1\" href=\"https:\/\/www.epubli.de\/shop\/buch\/Brain-Cookies-2-Florian-Kottmair-9783844243048\/127635\" target=\"_blank\" data-cp-link=\"1\" rel=\"noopener\" data-icon=\"fa-cart-plus\"><span  class=\"button-icon fa fa-cart-plus\"><\/span>Jetzt bestellen<\/a><a class=\"button color1\" href=\"https:\/\/www.amazon.de\/dp\/3844243046\" target=\"_blank\" data-cp-link=\"1\" rel=\"noopener\" data-icon=\"fa-amazon\"><span  class=\"button-icon fa fa-amazon\"><\/span>Bei Amazon bestellen<\/a><a class=\"button color1\" href=\"https:\/\/kottmair.eu?page_id=663\" target=\"_self\" data-cp-link=\"1\" data-icon=\"fa-forward\" rel=\"noopener\"><span  class=\"button-icon fa fa-forward\"><\/span>Mehr erfahren<\/a><\/div> <\/div> <div  class=\"row spaced-cols\" data-type=\"row\"> <div  class=\"col-sm-6\"> <div  class=\"card row-card bordered y-move\"> <div  class=\"row\"> <div  class=\"col-sm-fit icon-column\"> <i  class=\"fa icon fa-align-justify bordered round color2\"><\/i> <\/div> <div  class=\"col-sm\" data-type=\"column\"> <h5  class=\"color2\">ANSTELLE VON&nbsp;\u201eDICKSTRICHKETTE\u201c<\/h5> <p  class=\"\">Das Hamburger Abendblatt leitete mit seiner Aktion ZEBRA (\u201eZeichen eines besonders r\u00fccksichtsvollen Autofahrers\u201c) die Einf\u00fchrung des Wortes \u201eZebrastreifen\u201c ins Deutsche ein.<\/p><\/div> <\/div><\/div> <\/div> <div  class=\"col-sm-6\"> <div  class=\"card row-card bordered y-move\"> <div  class=\"row\"> <div  class=\"col-sm-fit icon-column\"> <i  class=\"fa icon color2 fa-tint bordered round\"><\/i> <\/div> <div  class=\"col-sm\" data-type=\"column\"> <h5  class=\"color2\">DER KUSS DES POSEIDON<\/h5> <p  class=\"\">Eine umgangssprachliche Bezeichnung f\u00fcr das Wasser, das beim Verrichten des gro\u00dfen Gesch\u00e4fts aus der Toiletten-sch\u00fcssel an den Hintern spritzt, ist \u201eDer Kuss des Poseidon\u201c.<\/p><\/div> <\/div><\/div> <\/div> <div  class=\"col-sm-6\"> <div  class=\"card row-card bordered y-move\"> <div  class=\"row\"> <div  class=\"col-sm-fit icon-column\"> <i  class=\"fa icon color2 fa-battery-three-quarters bordered round\"><\/i> <\/div> <div  class=\"col-sm\" data-type=\"column\"> <h5  class=\"color2\">H\u00dcPFENDE BATTERIEN<\/h5> <p  class=\"\">L\u00e4sst man zwei handels\u00fcbliche Batterien, eine leere und eine volle, aus der gleichen H\u00f6he auf den Tisch fallen, springt die leere Batterie h\u00f6her als die volle.<\/p><\/div> <\/div><\/div> <\/div> <div  class=\"col-sm-6\"> <div  class=\"card row-card bordered y-move\"> <div  class=\"row\"> <div  class=\"col-sm-fit icon-column\"> <i  class=\"fa icon color2 fa-dropbox bordered round\"><\/i> <\/div> <div  class=\"col-sm\" data-type=\"column\"> <h5  class=\"color2\">ZUR\u00dcCK AN ABSENDER<\/h5> <p  class=\"\">2008 floh ein t\u00fcrkischer Drogendealer aus der JVA Willich I, indem er sich in einem Karton versteckte, der von einem Kurierdienst als vermeintliche Postsendung abgeholt wurde.<\/p><\/div> <\/div><\/div> <\/div><\/div> <\/div><\/div><div  class=\"content-2 content-section content-section-spacing\" id=\"brain-cookies\" style=\"background-color: #f5fafd;\" data-label=\"Brain Cookies\" data-id=\"content-2\" data-category=\"content\" data-export-id=\"content-2\"><div > <div  class=\"row middle-xs\"><div  class=\"col-sm-5 bg-image shadow-large-black\" data-bg=\"image\" style=\"background-image: url(&quot;https:\/\/kottmair.eu\/wp-content\/uploads\/2022\/07\/cropped-Brain-Cookies-Cover-scaled-1.jpg&quot;);\"><\/div> <div  class=\"col-sm-7 full-col-left-padding full-col-right-padding\"> <div  class=\"row\"> <div  class=\"space-bottom-small content-title-col\" data-type=\"column\">  <h2  class=\"\">Brain Cookies<\/h2> <p  class=\"\">Wenn Sie wissen m\u00f6chten, warum es im Pentagon zu viele Toiletten gibt,\n<br >wer Queen Victorias Unterw\u00e4sche klaute, was man mit einem finnischen Reisepass\n<br >tun kann, wenn einem langweilig ist, warum man sich nicht vor einem Rind b\u00fccken sollte, wo Briefe an das Postfach 555 in 1008 Wien landen und was eine Ofensau\n<br >und ein Schokoladen-Fruchtzwerg sind, erfahren Sie es neben 1.000 weiteren interessanten, kuriosen oder witzigen Appetith\u00e4ppchen f\u00fcrs Gehirn in diesem Buch.<\/p><a class=\"button color1\" href=\"https:\/\/www.epubli.de\/shop\/buch\/Brain-Cookies-Florian-Kottmair-9783737575942\/86979\" target=\"_blank\" data-cp-link=\"1\" rel=\"noopener\" data-icon=\"fa-cart-plus\"><span  class=\"button-icon fa fa-cart-plus\"><\/span>Jetzt bestellen<\/a><a class=\"button color1\" href=\"https:\/\/www.amazon.de\/gp\/product\/3737575940\" target=\"_blank\" data-cp-link=\"1\" rel=\"noopener\" data-icon=\"fa-amazon\"><span  class=\"button-icon fa fa-amazon\"><\/span>Bei Amazon bestellen<\/a><a class=\"button color1\" href=\"https:\/\/kottmair.eu?page_id=644\" target=\"_self\" data-cp-link=\"1\" data-icon=\"fa-forward\" rel=\"noopener\"><span  class=\"button-icon fa fa-forward\"><\/span>Mehr erfahren<\/a><\/div> <\/div> <div  class=\"row spaced-cols \" data-type=\"row\"> <div  class=\"col-xs-6\" data-type=\"column\"> <h5  class=\"\">KALSARIK\u00c4NNIT<\/h5> <p  class=\"\">Das finnische Wort beschreibt etwas, wof\u00fcr in unserer Sprache ein ganzer Satz notwendig ist: \u201eSich alleine zuhause in Unterhosen besaufen\u201c.<\/p><\/div> <div  class=\"col-xs-6\" data-type=\"column\"><h5  class=\"\">DEUTSCHES STEUERRECHT<\/h5> <p  class=\"\">L\u00f6segeldzahlungen f\u00fcr die Befreiung eines entf\u00fchrten Mitarbeiters k\u00f6nnen in Deutschland steuerlich geltend gemacht werden.<\/p><\/div> <div  class=\"col-xs-6\" data-type=\"column\"><h5  class=\"\">STRAFBAR<\/h5> <p  class=\"\">Noch bis 1961 war Selbstmord in England und Wales eine Straftat.<\/p><\/div> <div  class=\"col-xs-6\" data-type=\"column\"><h5  class=\"\">WIE BITTE\u203d<\/h5> <p  class=\"\">Das Interrobang (\u203d) kombiniert Ausrufe- und Fragezeichen.<\/p><\/div> <\/div><\/div> <\/div><\/div> <\/div><div  class=\"content-3 content-section content-section-spacing\" id=\"java-fuer-einsteiger\" style=\"background-color: #ffffff;\" data-label=\"Java fuer Einsteiger\" data-id=\"content-3\" data-category=\"content\" data-export-id=\"content-3\"><div > <div  class=\"row middle-xs\"><div  class=\"col-sm-7 full-col-left-padding full-col-right-padding\"> <div  class=\"row\"><div  class=\"space-bottom-small content-title-col\" data-type=\"column\"> <h5  class=\"\">PROGRAMMIEREN LERNEN OHNE VORKENNTNISSE<\/h5> <h2  class=\"\">Java f\u00fcr Einsteiger<\/h2> <p  class=\"\">Seit ihrer Einf\u00fchrung im Jahr 1995 avancierte Java schnell zu einer der weltweit <br >meistgenutzten Programmiersprachen, die noch immer fortw\u00e4hrend gepflegt und <br >erweitert wird. Dieses Buch bietet interessierten Programmier-Neulingen einen <br >einfachen Einstieg in die Software-Programmierung am Beispiel dieser Sprache.<\/p><a class=\"button color1\" href=\"https:\/\/www.epubli.de\/shop\/buch\/Java-f%C3%BCr-Einsteiger-Florian-Kottmair-9783844271171\/39205\" target=\"_blank\" data-cp-link=\"1\" rel=\"noopener\" data-icon=\"fa-cart-plus\"><span  class=\"button-icon fa fa-cart-plus\"><\/span>Jetzt bestellen<\/a><a class=\"button color1\" href=\"https:\/\/www.amazon.de\/gp\/product\/3844271171\" target=\"_blank\" data-cp-link=\"1\" rel=\"noopener\" data-icon=\"fa-amazon\"><span  class=\"button-icon fa fa-amazon\"><\/span>Bei Amazon bestellen<\/a><a class=\"button color1\" href=\"https:\/\/kottmair.eu?page_id=742\" target=\"_self\" data-cp-link=\"1\" data-icon=\"fa-forward\" rel=\"noopener\"><span  class=\"button-icon fa fa-forward\"><\/span>Mehr erfahren<\/a><\/div> <\/div> <div  class=\"row spaced-cols\" data-type=\"row\">   <div  class=\"col-xs-6\" data-type=\"column\"><h5  class=\"\">GRUNDLAGEN<\/h5> <p  class=\"\">Datentypen und Operatoren, Klassen und Objekte, Anweisungen, Kontrollstrukturen und vieles mehr wird verst\u00e4ndlich anhand von einfachen Beispielen erkl\u00e4rt.<\/p><\/div> <div  class=\"col-xs-6\" data-type=\"column\"><h5  class=\"\">\u00dcBUNGSAUFGABEN<\/h5> <p  class=\"\">Am Ende jedes Kapitels helfen thematisch passende \u00dcbungsaufgaben dabei, seinen Lernfortschritt zu kontrollieren und die ersten eigenen Programme zu schreiben.<\/p><\/div> <\/div><\/div> <div  class=\"col-sm-5 bg-image shadow-large-black revert-classes-holder\" data-bg=\"image\" style=\"background-image: url(&quot;https:\/\/kottmair.eu\/wp-content\/uploads\/2022\/07\/cropped-java_farn-1.png&quot;);\"><\/div><\/div> <\/div><\/div>","protected":false},"excerpt":{"rendered":"<p>\u00dcBER MICH Ein Hobbyautor, der eigentlich Softwareentwickler ist? MEINE B\u00dcCHER Alle gedruckten Werke, die es von mir bereits zu kaufen gibt LYRIK Nicht l\u00e4nger im Geheimen reimen!Hier darf das jedes Wesen lesen. Brain Cookies II Der Nachfolger der 2019 erschienenen Sammlung von kuriosem, erstaunlichem, interessanten und manchmal absurdem Wissen&nbsp;Wenn Sie wissen m\u00f6chten, in welchem Land&hellip; <br \/> <a class=\"read-more\" href=\"https:\/\/kottmair.eu\/\">Read more<\/a><\/p>\n","protected":false},"author":1,"featured_media":0,"parent":0,"menu_order":0,"comment_status":"closed","ping_status":"closed","template":"page-templates\/homepage.php","meta":[],"_links":{"self":[{"href":"https:\/\/kottmair.eu\/index.php?rest_route=\/wp\/v2\/pages\/474"}],"collection":[{"href":"https:\/\/kottmair.eu\/index.php?rest_route=\/wp\/v2\/pages"}],"about":[{"href":"https:\/\/kottmair.eu\/index.php?rest_route=\/wp\/v2\/types\/page"}],"author":[{"embeddable":true,"href":"https:\/\/kottmair.eu\/index.php?rest_route=\/wp\/v2\/users\/1"}],"replies":[{"embeddable":true,"href":"https:\/\/kottmair.eu\/index.php?rest_route=%2Fwp%2Fv2%2Fcomments&post=474"}],"version-history":[{"count":22,"href":"https:\/\/kottmair.eu\/index.php?rest_route=\/wp\/v2\/pages\/474\/revisions"}],"predecessor-version":[{"id":761,"href":"https:\/\/kottmair.eu\/index.php?rest_route=\/wp\/v2\/pages\/474\/revisions\/761"}],"wp:attachment":[{"href":"https:\/\/kottmair.eu\/index.php?rest_route=%2Fwp%2Fv2%2Fmedia&parent=474"}],"curies":[{"name":"wp","href":"https:\/\/api.w.org\/{rel}","templated":true}]}}