{"id":551,"date":"2022-07-16T07:41:20","date_gmt":"2022-07-16T07:41:20","guid":{"rendered":"https:\/\/kottmair.eu\/?page_id=551"},"modified":"2022-07-20T11:54:49","modified_gmt":"2022-07-20T09:54:49","slug":"meine-buecher","status":"publish","type":"page","link":"https:\/\/kottmair.eu\/?page_id=551","title":{"rendered":"Meine B\u00fccher"},"content":{"rendered":"<div  data-label=\"Content\" data-id=\"content--1\" data-export-id=\"content-8\" data-category=\"content\" class=\"content-8 content-section content-section-spacing\" id=\"content-1\" style=\"background-color: rgb(245, 250, 253);\"><div  class=\"gridContainer\"> <div  class=\"row middle-sm\"><div  class=\"col-sm-6 space-bottom-xs space-top-xs\" data-type=\"column\"> <img  class=\"shadow-large\" src=\"https:\/\/kottmair.eu\/wp-content\/uploads\/2022\/07\/cropped-Brain-Cookies.jpg\" title=\"cropped-Brain-Cookies.jpg\" alt=\"\"><\/div> <div  class=\"col-sm-6\" data-type=\"column\"><h2  class=\"\">Brain Cookies<\/h2> <p  class=\"\">Wenn Sie wissen m\u00f6chten, warum es im Pentagon zu viele Toiletten gibt,<br >\nwer Queen Victorias Unterw\u00e4sche klaute, was man mit einem finnischen Reisepass tun kann, wenn einem langweilig ist, warum man sich nicht vor einem Rind b\u00fccken sollte, wo Briefe an das Postfach 555 in 1008 Wien landen und was eine Ofensau und ein Schokoladen-Fruchtzwerg sind, erfahren Sie es neben 1.000 weiteren interessanten, kuriosen oder witzigen Appetith\u00e4ppchen f\u00fcrs Gehirn in diesem Buch.<\/p> <a class=\"button color1\" href=\"https:\/\/kottmair.eu?page_id=644\" target=\"_self\" data-cp-link=\"1\" data-icon=\"fa-forward\" rel=\"noopener\"><span  class=\"button-icon fa fa-forward\"><\/span>MEHR ERFAHREN<\/a><\/div> <\/div><\/div> <\/div><div  data-label=\"Content\" data-id=\"content--4\" data-export-id=\"content-8\" data-category=\"content\" class=\"content-8 content-section content-section-spacing\" id=\"content-4\" style=\"background-color: rgb(255, 255, 255);\"><div  class=\"gridContainer\"> <div  class=\"row middle-sm\"><div  class=\"col-sm-6 space-bottom-xs space-top-xs\" data-type=\"column\"> <img  class=\"shadow-large\" src=\"https:\/\/kottmair.eu\/wp-content\/uploads\/2022\/07\/cropped-Brain-Cookies-II-1.jpg\" title=\"cropped-Brain-Cookies-II-1.jpg\" alt=\"\"><\/div> <div  class=\"col-sm-6\" data-type=\"column\"><h2  class=\"\">Brain Cookies II<\/h2> <p  class=\"\">Wenn Sie wissen m\u00f6chten, in welchem Land man einmal die Einf\u00fchrung einer Furzsteuer erwog, welcher Papst erotische Literatur schrieb, weshalb Eintracht Fuhlsb\u00fcttel nur Heimspiele austr\u00e4gt, wo sich der \u00d6sterreichermuskel befindet, warum man beim Br\u00fcckenbau das Fleischgewicht ber\u00fccksichtigt und welche Fu\u00dfballmannschaft als \u201eKrawattenmann des Jahres 2003\u201c ausgezeichnet wurde, erfahren Sie es neben unz\u00e4hligen weiteren interessanten, kuriosen und witzigen \u201eAppetith\u00e4ppchen\u201c f\u00fcrs Gehirn in diesem Buch.<\/p> <a class=\"button color1\" href=\"https:\/\/kottmair.eu?page_id=663\" target=\"_self\" data-cp-link=\"1\" data-icon=\"fa-forward\" rel=\"noopener\"><span  class=\"button-icon fa fa-forward\"><\/span>MEHR ERFAHREN<\/a><\/div> <\/div><\/div> <\/div><div  data-label=\"Content\" data-id=\"content--3\" data-export-id=\"content-8\" data-category=\"content\" class=\"content-8 content-section content-section-spacing\" id=\"content-3\" style=\"background-color: rgb(245, 250, 253);\"><div  class=\"gridContainer\"> <div  class=\"row middle-sm\"><div  class=\"col-sm-6 space-bottom-xs space-top-xs\" data-type=\"column\"> <img  class=\"shadow-large\" src=\"https:\/\/kottmair.eu\/wp-content\/uploads\/2022\/07\/cropped-Java-fuer-Einsteiger.jpg\" title=\"cropped-Java-fuer-Einsteiger.jpg\" alt=\"\"><\/div> <div  class=\"col-sm-6\" data-type=\"column\"><h2  class=\"\">Java f\u00fcr Einsteiger<\/h2> <p  class=\"\">Seit ihrer Einf\u00fchrung im Jahr 1995 avancierte Java schnell zu einer der weltweit<br >\nmeistgenutzten Programmiersprachen, die noch immer fortw\u00e4hrend gepflegt und erweitert wird. Dieses Buch bietet interessierten Programmier-Neulingen einen einfachen Einstieg in die Software-Programmierung am Beispiel dieser Sprache.<\/p> <a class=\"button color1\" href=\"https:\/\/kottmair.eu?page_id=742\" target=\"_self\" data-cp-link=\"1\" data-icon=\"fa-forward\" rel=\"noopener\"><span  class=\"button-icon fa fa-forward\"><\/span>MEHR ERFAHREN<\/a><\/div> <\/div><\/div> <\/div><div  data-label=\"Content\" data-id=\"content--5\" data-export-id=\"content-8\" data-category=\"content\" class=\"content-8 content-section content-section-spacing\" id=\"content-5\" style=\"background-color: rgb(255, 255, 255);\"><div  class=\"gridContainer\"> <div  class=\"row middle-sm\"><div  class=\"col-sm-6 space-bottom-xs space-top-xs\" data-type=\"column\"> <img  class=\"shadow-large\" src=\"https:\/\/kottmair.eu\/wp-content\/uploads\/2022\/07\/cropped-Traumspiel.jpg\" title=\"cropped-Traumspiel.jpg\" alt=\"\"><\/div> <div  class=\"col-sm-6\" data-type=\"column\"><h2  class=\"\">Traumspiel<\/h2> <p  class=\"\">Als Max Berger am Ende eines Firmenseminars eine Arbeitskollegin mit einer Autopanne zum n\u00e4chsten Telefon bringen will, ahnt er noch nicht, dass dies der Anfang vom Ende seiner Pl\u00e4ne f\u00fcr ein erholsames Wochenende ist. Was zun\u00e4chst wie der Beginn einer zarten Romanze scheint, ger\u00e4t f\u00fcr Max zum Alptraum. Denn schon bald muss er erkennen: Jeder Mensch hat Geheimnisse. Und die sind manchmal dunkler als erwartet.<br >\n\n<br >Zur selben Zeit verliert der ehemals spiels\u00fcchtige Harry innerhalb weniger Tage seinen Job, wird von seiner Frau verlassen und kehrt verbittert an den Spieltisch zur\u00fcck. Nach einer beispiellosen Gl\u00fccksstr\u00e4hne in einem r\u00e4tselhaften Casino, das laut Eigenwerbung \u201eTr\u00e4ume Wirklichkeit werden\u201c l\u00e4sst, scheint sich auch in Harrys Privatleben pl\u00f6tzlich eine unverhoffte Wende zum Guten zu vollziehen. Doch das Gl\u00fcck w\u00e4hrt nur kurz, denn Harry spielt weiter \u2013 und verliert\u2026<\/p> <a class=\"button color1\" href=\"https:\/\/kottmair.eu?page_id=752\" target=\"_self\" data-cp-link=\"1\" data-icon=\"fa-forward\" rel=\"noopener\"><span class=\"button-icon fa fa-forward\" ><\/span>MEHR ERFAHREN<\/a><\/div> <\/div><\/div> <\/div>","protected":false},"excerpt":{"rendered":"<p>Brain Cookies Wenn Sie wissen m\u00f6chten, warum es im Pentagon zu viele Toiletten gibt, wer Queen Victorias Unterw\u00e4sche klaute, was man mit einem finnischen Reisepass tun kann, wenn einem langweilig ist, warum man sich nicht vor einem Rind b\u00fccken sollte, wo Briefe an das Postfach 555 in 1008 Wien landen und was eine Ofensau und&hellip; <br \/> <a class=\"read-more\" href=\"https:\/\/kottmair.eu\/?page_id=551\">Read more<\/a><\/p>\n","protected":false},"author":1,"featured_media":0,"parent":474,"menu_order":0,"comment_status":"closed","ping_status":"closed","template":"pro\/page-templates\/full-width-page.php","meta":[],"_links":{"self":[{"href":"https:\/\/kottmair.eu\/index.php?rest_route=\/wp\/v2\/pages\/551"}],"collection":[{"href":"https:\/\/kottmair.eu\/index.php?rest_route=\/wp\/v2\/pages"}],"about":[{"href":"https:\/\/kottmair.eu\/index.php?rest_route=\/wp\/v2\/types\/page"}],"author":[{"embeddable":true,"href":"https:\/\/kottmair.eu\/index.php?rest_route=\/wp\/v2\/users\/1"}],"replies":[{"embeddable":true,"href":"https:\/\/kottmair.eu\/index.php?rest_route=%2Fwp%2Fv2%2Fcomments&post=551"}],"version-history":[{"count":9,"href":"https:\/\/kottmair.eu\/index.php?rest_route=\/wp\/v2\/pages\/551\/revisions"}],"predecessor-version":[{"id":755,"href":"https:\/\/kottmair.eu\/index.php?rest_route=\/wp\/v2\/pages\/551\/revisions\/755"}],"up":[{"embeddable":true,"href":"https:\/\/kottmair.eu\/index.php?rest_route=\/wp\/v2\/pages\/474"}],"wp:attachment":[{"href":"https:\/\/kottmair.eu\/index.php?rest_route=%2Fwp%2Fv2%2Fmedia&parent=551"}],"curies":[{"name":"wp","href":"https:\/\/api.w.org\/{rel}","templated":true}]}}