{"id":570,"date":"2022-07-17T13:16:45","date_gmt":"2022-07-17T11:16:45","guid":{"rendered":"https:\/\/kottmair.eu\/?page_id=570"},"modified":"2022-07-19T08:54:58","modified_gmt":"2022-07-19T06:54:58","slug":"ueber-mich","status":"publish","type":"page","link":"https:\/\/kottmair.eu\/?page_id=570","title":{"rendered":"\u00dcber mich"},"content":{"rendered":"<div  data-label=\"Content\" data-id=\"content--1\" data-export-id=\"content-7\" data-category=\"content\" class=\"content-7 content-section content-section-spacing\" id=\"content-1\" style=\"background-color: rgb(255, 255, 255);\"><div  class=\"gridContainer\"> <div  class=\"row middle-sm\"><div  class=\"col-sm-6 space-bottom-xs\" data-type=\"column\">  <p  class=\"\">Geboren wurde ich am 1. Mai 1979 in Augsburg, lebe bis heute in der N\u00e4he meiner Heimatstadt und arbeite als Softwareentwickler und Hobbyautor.<br >\n\n<br >Wie bitte? Ein Programmierer, der B\u00fccher schreibt?<br >\n\n<br >Die sch\u00f6ne deutsche Sprache und der \u2013 auch spielerische \u2013 Umgang mit Worten \u00fcbt seit meiner Kindheit eine gro\u00dfe Faszination auf mich aus. Beim Erfinden von Geschichten begibt man sich f\u00fcr eine gewisse Zeit in eine v\u00f6llig andere Welt, die man selbst formen und gestalten kann. Und bei der Entstehung eines Buchs sind am Anfang oft nur die Ausgangssituation und das grobe Ziel klar. Die Geschichte dazwischen entwickelt sich erst, w\u00e4hrend man schon dabei ist, sie aufzuschreiben. Auf diese Weise ist das Schreiben eines Buchs f\u00fcr den Autor nicht weniger spannend als es sp\u00e4ter f\u00fcr den Leser ist, in das fertige Werk und dessen Handlung einzutauchen.<br >\n\n<br >Meine Freizeit verbringe ich am liebsten mit meiner wundervollen Familie und meinen Freunden, f\u00fchre gerne tiefgehende Gespr\u00e4che mit klugen Menschen, liebe das Meer, bewegende Musik, schlechte Wortspiele, gutes Essen und durch Reisen, Lesen und Quizzen meinen Horizont zu erweitern. \u00dcbersch\u00fcssige Kreativit\u00e4t investiere ich zumeist in Texte, Gedichte und Blogartikel.<\/p> <\/div> <div  class=\"col-sm-6\" data-type=\"column\"> <img  class=\"shadow-large\" src=\"https:\/\/kottmair.eu\/wp-content\/uploads\/2022\/07\/cropped-FK-rotated-1.jpg\" title=\"FK\" alt=\"\"><\/div> <\/div><\/div> <\/div>","protected":false},"excerpt":{"rendered":"<p>Geboren wurde ich am 1. Mai 1979 in Augsburg, lebe bis heute in der N\u00e4he meiner Heimatstadt und arbeite als Softwareentwickler und Hobbyautor. Wie bitte? Ein Programmierer, der B\u00fccher schreibt? Die sch\u00f6ne deutsche Sprache und der \u2013 auch spielerische \u2013 Umgang mit Worten \u00fcbt seit meiner Kindheit eine gro\u00dfe Faszination auf mich aus. Beim Erfinden&hellip; <br \/> <a class=\"read-more\" href=\"https:\/\/kottmair.eu\/?page_id=570\">Read more<\/a><\/p>\n","protected":false},"author":1,"featured_media":0,"parent":0,"menu_order":0,"comment_status":"closed","ping_status":"closed","template":"pro\/page-templates\/full-width-page.php","meta":[],"_links":{"self":[{"href":"https:\/\/kottmair.eu\/index.php?rest_route=\/wp\/v2\/pages\/570"}],"collection":[{"href":"https:\/\/kottmair.eu\/index.php?rest_route=\/wp\/v2\/pages"}],"about":[{"href":"https:\/\/kottmair.eu\/index.php?rest_route=\/wp\/v2\/types\/page"}],"author":[{"embeddable":true,"href":"https:\/\/kottmair.eu\/index.php?rest_route=\/wp\/v2\/users\/1"}],"replies":[{"embeddable":true,"href":"https:\/\/kottmair.eu\/index.php?rest_route=%2Fwp%2Fv2%2Fcomments&post=570"}],"version-history":[{"count":3,"href":"https:\/\/kottmair.eu\/index.php?rest_route=\/wp\/v2\/pages\/570\/revisions"}],"predecessor-version":[{"id":643,"href":"https:\/\/kottmair.eu\/index.php?rest_route=\/wp\/v2\/pages\/570\/revisions\/643"}],"wp:attachment":[{"href":"https:\/\/kottmair.eu\/index.php?rest_route=%2Fwp%2Fv2%2Fmedia&parent=570"}],"curies":[{"name":"wp","href":"https:\/\/api.w.org\/{rel}","templated":true}]}}