{"id":595,"date":"2022-07-18T13:01:32","date_gmt":"2022-07-18T11:01:32","guid":{"rendered":"https:\/\/kottmair.eu\/?page_id=595"},"modified":"2022-07-18T14:25:56","modified_gmt":"2022-07-18T12:25:56","slug":"lyrik","status":"publish","type":"page","link":"https:\/\/kottmair.eu\/?page_id=595","title":{"rendered":"Lyrik"},"content":{"rendered":"<div  data-label=\"Overlappable\" data-id=\"overlappable--1\" data-export-id=\"overlappable-2\" data-category=\"overlappable\" class=\"overlappable-2 content-section content-section-spacing\" data-overlap=\"true\" id=\"overlappable-1\" style=\"background-color: rgb(255, 255, 255);\"><div  class=\"gridContainer\"> <div  class=\"row middle-sm shadow-medium bg-color-white\"><div  class=\"col-xs-12 col-sm-4 top-sm col-padding col-padding-xs\" data-type=\"column\">  <p  class=\"\">Das Verfassen von Reimen, Versen und Gedichten ist schon mein Leben lang gro\u00dfer Spa\u00df und ein Weg, zu entspannen und Gedanken und Gef\u00fchle zu verarbeiten.<br >\n\n<br >\u00dcber die Jahre ist so ein recht reichhaltiger Fundus an Texten zu den verschiedensten Themen und Anl\u00e4ssen entstanden.\n<br ><br >Einen kleinen Auszug aus meinen Gedichten und Reimen stelle ich auf diesen Seiten vor.<br >\n\n<br >Jede nicht private Nutzung, Ver\u00f6ffentlichung oder Vervielf\u00e4ltigung dieser Texte darf nur mit meiner schriftlichen Genehmigung erfolgen und jegliche Verwendung grunds\u00e4tzlich nur unter Nennung des Autors.<br >\n\n<br >Viel Spa\u00df beim Lesen <img  draggable=\"false\" role=\"img\" class=\"emoji\" alt=\"&#x1f642;\" src=\"https:\/\/s.w.org\/images\/core\/emoji\/14.0.0\/svg\/1f642.svg\"><\/p> <\/div> <div  class=\"col-xs-12 col-sm-8\"><div  data-type=\"row\" class=\"row\"> <div  class=\"col-xs-12 col-sm-6 col-padding col-padding-small-xs\"><a data-cp-link=\"1\" href=\"https:\/\/kottmair.eu?page_id=613\" class=\"\" target=\"_self\" rel=\"noopener\"><i  class=\"fa icon fa-heart-o bordered round color1\"><\/i><\/a> <h5  class=\"\">LIEBE UND GEF\u00dcHLE<\/h5> <p  class=\"\">Schon aus den Jahrtausenden vor unserer Zeitrechnung ist Liebeslyrik \u00fcberliefert. Hier f\u00fcge ich diesem reichhaltigen Fundus an Gedichten ein paar neue Exemplare hinzu.<\/p><\/div> <div  class=\"col-xs-12 col-sm-6 col-padding col-padding-small-xs\"><a data-cp-link=\"1\" href=\"https:\/\/kottmair.eu?page_id=618\" class=\"\" target=\"_self\" rel=\"noopener\"><i  class=\"fa icon fa-pencil bordered round color1\"><\/i><\/a> <h5  class=\"\">NACHDENKLICHES<\/h5> <p  class=\"\">Beim Nachdenken \u00fcber sich, das Leben und die Welt entstehen immer wieder Verse, die das Zeitgeschehen kommentieren und aktuelle Entwicklungen einfangen.<\/p><\/div> <div  class=\"col-xs-12 col-sm-6 col-padding col-padding-small-xs\"><a data-cp-link=\"1\" href=\"https:\/\/kottmair.eu?page_id=622\" class=\"\" target=\"_self\" rel=\"noopener\"><i  class=\"fa icon fa-child bordered round color1\"><\/i><\/a> <h5  class=\"\">UNSINNIGES<\/h5> <p  class=\"\">Das Sch\u00f6nste ist doch, wenn nicht immer alles einen tiefen Sinn haben muss, sondern man einfach mal unbeschwert dem Bl\u00f6dsinn fr\u00f6nen kann.<\/p><\/div> <div  class=\"col-xs-12 col-sm-6 col-padding col-padding-small-xs\"> <a data-cp-link=\"1\" href=\"https:\/\/kottmair.eu?page_id=319\" class=\"\" target=\"_self\" rel=\"noopener\"><i  class=\"fa icon fa-twitter bordered round color1\"><\/i><\/a> <h5  class=\"\">REIMBATTLES<\/h5> <p  class=\"\">Unter dem Hashtag #reimbattle werden auf Twitter \u201eWettk\u00e4mpfe\u201c veranstaltet, bei denen aus drei vorgegebenen W\u00f6rtern ein m\u00f6glichst kreatives, kurzes Gedicht entstehen soll.<\/p><\/div> <\/div><\/div> <\/div><\/div> <\/div>","protected":false},"excerpt":{"rendered":"<p>Das Verfassen von Reimen, Versen und Gedichten ist schon mein Leben lang gro\u00dfer Spa\u00df und ein Weg, zu entspannen und Gedanken und Gef\u00fchle zu verarbeiten. \u00dcber die Jahre ist so ein recht reichhaltiger Fundus an Texten zu den verschiedensten Themen und Anl\u00e4ssen entstanden. Einen kleinen Auszug aus meinen Gedichten und Reimen stelle ich auf diesen&hellip; <br \/> <a class=\"read-more\" href=\"https:\/\/kottmair.eu\/?page_id=595\">Read more<\/a><\/p>\n","protected":false},"author":1,"featured_media":0,"parent":0,"menu_order":0,"comment_status":"closed","ping_status":"closed","template":"pro\/page-templates\/full-width-page.php","meta":[],"_links":{"self":[{"href":"https:\/\/kottmair.eu\/index.php?rest_route=\/wp\/v2\/pages\/595"}],"collection":[{"href":"https:\/\/kottmair.eu\/index.php?rest_route=\/wp\/v2\/pages"}],"about":[{"href":"https:\/\/kottmair.eu\/index.php?rest_route=\/wp\/v2\/types\/page"}],"author":[{"embeddable":true,"href":"https:\/\/kottmair.eu\/index.php?rest_route=\/wp\/v2\/users\/1"}],"replies":[{"embeddable":true,"href":"https:\/\/kottmair.eu\/index.php?rest_route=%2Fwp%2Fv2%2Fcomments&post=595"}],"version-history":[{"count":10,"href":"https:\/\/kottmair.eu\/index.php?rest_route=\/wp\/v2\/pages\/595\/revisions"}],"predecessor-version":[{"id":634,"href":"https:\/\/kottmair.eu\/index.php?rest_route=\/wp\/v2\/pages\/595\/revisions\/634"}],"wp:attachment":[{"href":"https:\/\/kottmair.eu\/index.php?rest_route=%2Fwp%2Fv2%2Fmedia&parent=595"}],"curies":[{"name":"wp","href":"https:\/\/api.w.org\/{rel}","templated":true}]}}