{"id":644,"date":"2022-07-20T09:10:39","date_gmt":"2022-07-20T07:10:39","guid":{"rendered":"https:\/\/kottmair.eu\/?page_id=644"},"modified":"2022-07-20T12:05:51","modified_gmt":"2022-07-20T10:05:51","slug":"brain-cookies","status":"publish","type":"page","link":"https:\/\/kottmair.eu\/?page_id=644","title":{"rendered":"Brain Cookies"},"content":{"rendered":"<div  data-label=\"About\" data-id=\"about--1\" data-export-id=\"about-10\" data-category=\"about\" class=\"about-10 content-section content-section-spacing\" id=\"about-1\" style=\"background-color: rgb(245, 250, 253);\"><div  class=\"gridContainer\"> <div  class=\"row middle-sm text-center\"><div  class=\"col-sm-5 space-bottom-xs content-column\" data-type=\"column\">   <h1  class=\"\">Brain Cookies<\/h1><p  class=\"\" style=\"text-align: left;\">Wenn Sie wissen m\u00f6chten, warum es im Pentagon zu viele Toiletten gibt, wer Queen Victorias Unterw\u00e4sche klaute, was man mit einem finnischen Reisepass tun kann, wenn einem langweilig ist, warum man sich nicht vor einem Rind b\u00fccken sollte, wo Briefe an das Postfach 555 in 1008 Wien landen und was eine Ofensau und ein Schokoladen-Fruchtzwerg sind, erfahren Sie es neben 1.000 weiteren interessanten, kuriosen oder witzigen Appetith\u00e4ppchen f\u00fcrs Gehirn in diesem Buch.<\/p> <a class=\"button color1\" href=\"https:\/\/www.epubli.de\/shop\/buch\/Brain-Cookies-2-Florian-Kottmair-9783844243048\/127635\" target=\"_blank\" data-cp-link=\"1\" data-icon=\"fa-cart-plus\" rel=\"noopener\"><span  class=\"button-icon fa fa-cart-plus\"><\/span>BESTELLEN<\/a><a class=\"button color1\" href=\"https:\/\/www.amazon.de\/dp\/3844243046\" target=\"_blank\" data-cp-link=\"1\" data-icon=\"fa-amazon\" rel=\"noopener\"><span  class=\"button-icon fa fa-amazon\"><\/span>BEI AMAZON BESTELLEN<\/a><\/div> <div  class=\"col-sm-7 flexbox middle-xs center-xs space-bottom-xs\"><div  class=\"overlay-box middle-xs center-xs flexbox\"> <div  class=\"overlay-box-offset offset-border shadow-medium border-color1 hide-xs\"><\/div> <img  class=\"shadow-large\" data-size=\"485x705\" src=\"https:\/\/kottmair.eu\/wp-content\/uploads\/2022\/07\/cropped-Brain-Cookies-Cover-1-scaled-1.jpg\" title=\"Brain Cookies Cover\" alt=\"\"><\/div> <\/div><\/div> <\/div><\/div><div  data-label=\"Overlappable\" data-id=\"overlappable--1\" data-export-id=\"overlappable-5\" data-category=\"overlappable\" class=\"overlappable-5 content-section content-section-spacing\" data-overlap=\"true\" id=\"overlappable-1\" style=\"background-color: rgb(255, 255, 255);\"><div  class=\"gridContainer\"> <div  data-type=\"row\" class=\"row shadow-medium bg-color-white\"><div  class=\"col-xs-12 col-sm-4 col-padding col-padding-xs bg-color-white\"> <div  class=\"row middle-sm\"><div  class=\"col-xs-12 col-sm-fit icon-column\"> <i  class=\"fa icon fa-tint bordered round color2\"><\/i><\/div> <div  data-type=\"column\" class=\"col-xs-12 col-sm v-spacing\"><h5  class=\"\">ES RIECHT NACH REGEN<\/h5><\/div> <\/div> <div  class=\"row\"> <div  class=\"col-xs-12 col-sm-12\" data-type=\"column\"> <p  class=\"\"><br >Den Geruch, der beim Auftreffen von Regen auf trockener Erde entsteht, nennt man Petrichor.<\/p> <\/div> <\/div><\/div> <div  class=\"col-xs-12 col-sm-4 col-padding col-padding-xs bg-color-white\"><div  class=\"row middle-sm\"> <div  class=\"col-xs-12 col-sm-fit icon-column\"><i  class=\"fa icon fa-male bordered round color2\"><\/i><\/div> <div  data-type=\"column\" class=\"col-xs-12 col-sm v-spacing\"><h5  class=\"\">WIRKLICH \u201eBLAU\u201c<\/h5><\/div> <\/div> <div  class=\"row\"> <div  class=\"col-xs-12 col-sm-12\" data-type=\"column\"> <p  class=\"\">\n<br >Die Krankheit <span  style=\"font-style: italic;\">Meth\u00e4moglobin\u00e4mie<\/span> bewirkt, dass Betroffene durch Ver\u00e4nderungen in den roten Blutk\u00f6rperchen blaue Haut bekommen.<\/p> <\/div> <\/div><\/div> <div  class=\"col-xs-12 col-sm-4 col-padding col-padding-xs bg-color-white\"><div  class=\"row middle-sm\"> <div  class=\"col-xs-12 col-sm-fit icon-column\"><i  class=\"fa icon fa-star bordered round color2\"><\/i><\/div> <div  data-type=\"column\" class=\"col-xs-12 col-sm v-spacing\"><h5  class=\"\">WALK OF FAME<\/h5><\/div> <\/div> <div  class=\"row\"> <div  class=\"col-xs-12 col-sm-12\" data-type=\"column\"> <p  class=\"\">\n<br >Muhammad Alis Stern auf dem Hollywood Walk of Fame ist an einer Wand angebracht, damit niemand auf Mohammed herumtritt.<\/p> <\/div> <\/div><\/div> <div  class=\"col-xs-12 col-sm-4 col-padding col-padding-xs bg-color-white\"> <div  class=\"row middle-sm\"><div  class=\"col-xs-12 col-sm-fit icon-column\"> <i  class=\"fa icon fa-subway bordered round color2\"><\/i><\/div> <div  data-type=\"column\" class=\"col-xs-12 col-sm v-spacing\"><h5  class=\"\">U-BAHN IM HAUS<\/h5><\/div> <\/div> <div  class=\"row\"> <div  class=\"col-xs-12 col-sm-12\" data-type=\"column\"> <p  class=\"\"><br >Um den Abriss eines Wohngeb\u00e4udes zu vermeiden, f\u00e4hrt die Berliner U1 durch die zweite Etage des Hauses Dennewitzstra\u00dfe 2.<\/p> <\/div> <\/div><\/div><div  class=\"col-xs-12 col-sm-4 col-padding col-padding-xs bg-color-white\"> <div  class=\"row middle-sm\"><div  class=\"col-xs-12 col-sm-fit icon-column\"> <i  class=\"fa icon fa-wrench bordered round color2\"><\/i><\/div> <div  data-type=\"column\" class=\"col-xs-12 col-sm v-spacing\"><h5  class=\"\">BESONDERE F\u00dcHRUNG<\/h5><\/div> <\/div> <div  class=\"row\"> <div  class=\"col-xs-12 col-sm-12\" data-type=\"column\"> <p  class=\"\"><br >Auf dem Kreuzfahrtschiff <span  style=\"font-style: italic;\">Hanseatic<\/span> kann man als Passagier im Rahmen einer F\u00fchrung auch den Maschinenraum besichtigen.<\/p> <\/div> <\/div><\/div><div  class=\"col-xs-12 col-sm-4 col-padding col-padding-xs bg-color-white\"> <div  class=\"row middle-sm\"><div  class=\"col-xs-12 col-sm-fit icon-column\"> <i  class=\"fa icon fa-plane bordered round color2\"><\/i><\/div> <div  data-type=\"column\" class=\"col-xs-12 col-sm v-spacing\"><h5  class=\"\">IMMER RICHTUNG MEKKA<\/h5><\/div> <\/div> <div  class=\"row\"> <div  class=\"col-xs-12 col-sm-12\" data-type=\"column\"> <p  class=\"\"><br >Gro\u00dfe Flugzeuge der saudi-arabischen Airline Saudia haben einen Gebetsraum mit digitaler Anzeige, wohin gebetet werden muss.<\/p> <\/div> <\/div><\/div><\/div><\/div> <\/div>","protected":false},"excerpt":{"rendered":"<p>Brain CookiesWenn Sie wissen m\u00f6chten, warum es im Pentagon zu viele Toiletten gibt, wer Queen Victorias Unterw\u00e4sche klaute, was man mit einem finnischen Reisepass tun kann, wenn einem langweilig ist, warum man sich nicht vor einem Rind b\u00fccken sollte, wo Briefe an das Postfach 555 in 1008 Wien landen und was eine Ofensau und ein&hellip; <br \/> <a class=\"read-more\" href=\"https:\/\/kottmair.eu\/?page_id=644\">Read more<\/a><\/p>\n","protected":false},"author":1,"featured_media":0,"parent":0,"menu_order":0,"comment_status":"closed","ping_status":"closed","template":"pro\/page-templates\/full-width-page.php","meta":[],"_links":{"self":[{"href":"https:\/\/kottmair.eu\/index.php?rest_route=\/wp\/v2\/pages\/644"}],"collection":[{"href":"https:\/\/kottmair.eu\/index.php?rest_route=\/wp\/v2\/pages"}],"about":[{"href":"https:\/\/kottmair.eu\/index.php?rest_route=\/wp\/v2\/types\/page"}],"author":[{"embeddable":true,"href":"https:\/\/kottmair.eu\/index.php?rest_route=\/wp\/v2\/users\/1"}],"replies":[{"embeddable":true,"href":"https:\/\/kottmair.eu\/index.php?rest_route=%2Fwp%2Fv2%2Fcomments&post=644"}],"version-history":[{"count":8,"href":"https:\/\/kottmair.eu\/index.php?rest_route=\/wp\/v2\/pages\/644\/revisions"}],"predecessor-version":[{"id":763,"href":"https:\/\/kottmair.eu\/index.php?rest_route=\/wp\/v2\/pages\/644\/revisions\/763"}],"wp:attachment":[{"href":"https:\/\/kottmair.eu\/index.php?rest_route=%2Fwp%2Fv2%2Fmedia&parent=644"}],"curies":[{"name":"wp","href":"https:\/\/api.w.org\/{rel}","templated":true}]}}