{"id":663,"date":"2022-07-20T09:10:17","date_gmt":"2022-07-20T07:10:17","guid":{"rendered":"https:\/\/kottmair.eu\/?page_id=663"},"modified":"2022-07-20T09:10:17","modified_gmt":"2022-07-20T07:10:17","slug":"brain-cookies-ii","status":"publish","type":"page","link":"https:\/\/kottmair.eu\/?page_id=663","title":{"rendered":"Brain Cookies II"},"content":{"rendered":"<div data-label=\"About\" data-id=\"about--1\" data-export-id=\"about-10\" data-category=\"about\" class=\"about-10 content-section content-section-spacing\" id=\"about-1\"  style=\"background-color: rgb(245, 250, 253);\"><div class=\"gridContainer\" > <div class=\"row middle-sm text-center\" ><div class=\"col-sm-5 space-bottom-xs content-column\" data-type=\"column\" >   <h1 class=\"\" >Brain Cookies II<\/h1><p class=\"\"  style=\"text-align: left;\">Wenn Sie wissen m\u00f6chten, in welchem Land man einmal die Einf\u00fchrung einer Furzsteuer erwog, welcher Papst erotische Literatur schrieb, weshalb Eintracht Fuhlsb\u00fcttel nur Heimspiele austr\u00e4gt, wo sich der \u00d6sterreichermuskel befindet, warum man beim Br\u00fcckenbau das Fleischgewicht ber\u00fccksichtigt und welche Fu\u00dfballmannschaft als \u201eKrawattenmann des Jahres 2003\u201c ausgezeichnet wurde, erfahren Sie es neben unz\u00e4hligen weiteren interessanten, kuriosen und witzigen \u201eAppetith\u00e4ppchen\u201c f\u00fcrs Gehirn in diesem Buch.<\/p> <a class=\"button color1\" href=\"https:\/\/www.epubli.de\/shop\/buch\/Brain-Cookies-2-Florian-Kottmair-9783844243048\/127635\" target=\"_blank\" data-cp-link=\"1\" data-icon=\"fa-cart-plus\" rel=\"noopener\"><span class=\"button-icon fa fa-cart-plus\" ><\/span>BESTELLEN<\/a><a class=\"button color1\" href=\"https:\/\/www.amazon.de\/dp\/3844243046\" target=\"_blank\" data-cp-link=\"1\" data-icon=\"fa-amazon\" rel=\"noopener\"><span class=\"button-icon fa fa-amazon\" ><\/span>BEI AMAZON BESTELLEN<\/a><\/div> <div class=\"col-sm-7 flexbox middle-xs center-xs space-bottom-xs\" ><div class=\"overlay-box middle-xs center-xs flexbox\" > <div class=\"overlay-box-offset offset-border shadow-medium border-color1 hide-xs\" ><\/div> <img class=\"shadow-large\" data-size=\"485x705\" src=\"https:\/\/kottmair.eu\/wp-content\/uploads\/2022\/07\/cropped-Brain-Cookies-2-1.jpg\"  title=\"Brain Cookies 2\" alt=\"\"><\/div> <\/div><\/div> <\/div><\/div><div data-label=\"Overlappable\" data-id=\"overlappable--1\" data-export-id=\"overlappable-5\" data-category=\"overlappable\" class=\"overlappable-5 content-section content-section-spacing\" data-overlap=\"true\" id=\"overlappable-1\"  style=\"background-color: rgb(255, 255, 255);\"><div class=\"gridContainer\" > <div data-type=\"row\" class=\"row shadow-medium bg-color-white\" ><div class=\"col-xs-12 col-sm-4 col-padding col-padding-xs bg-color-white\" > <div class=\"row middle-sm\" ><div class=\"col-xs-12 col-sm-fit icon-column\" > <i class=\"fa icon fa-flask bordered round color2\" ><\/i><\/div> <div data-type=\"column\" class=\"col-xs-12 col-sm v-spacing\" ><h5 class=\"\" >48 + 52 = 96,3<\/h5><\/div> <\/div> <div class=\"row\" > <div class=\"col-xs-12 col-sm-12\" data-type=\"column\" > <p class=\"\" >\r\n<br >Wenn man 48ml Wasser mit 52ml Ethanol (Alkohol) mischt, erh\u00e4lt man ein Volumen von 96,3ml. Diese Volumenkontraktion wird durch entstandene Wasserstoffbr\u00fccken verursacht.<\/p> <\/div> <\/div><\/div> <div class=\"col-xs-12 col-sm-4 col-padding col-padding-xs bg-color-white\" ><div class=\"row middle-sm\" > <div class=\"col-xs-12 col-sm-fit icon-column\" ><i class=\"fa icon fa-soccer-ball-o bordered round color2\" ><\/i><\/div> <div data-type=\"column\" class=\"col-xs-12 col-sm v-spacing\" ><h5 class=\"\" >ROBERT VOR! KEIN TOR!<\/h5><\/div> <\/div> <div class=\"row\" > <div class=\"col-xs-12 col-sm-12\" data-type=\"column\" > <p class=\"\" >\r\n<br >Mit 272 Spielen der 1. und 2. Bundesliga ohne Torerfolg ist Robert Nikolic der torungef\u00e4hrlichste Feldspieler in der Geschichte der deutschen Profiligen.<\/p> <\/div> <\/div><\/div> <div class=\"col-xs-12 col-sm-4 col-padding col-padding-xs bg-color-white\" ><div class=\"row middle-sm\" > <div class=\"col-xs-12 col-sm-fit icon-column\" ><i class=\"fa icon fa-bicycle bordered round color2\" ><\/i><\/div> <div data-type=\"column\" class=\"col-xs-12 col-sm v-spacing\" ><h5 class=\"\" >MITARBEITER DES JAHRES<\/h5><\/div> <\/div> <div class=\"row\" > <div class=\"col-xs-12 col-sm-12\" data-type=\"column\" > <p class=\"\" >\r\n<br >W\u00e4hrend der Covid-19-Pandemie nahm der italienische Radrennfahrer Umberto Marengo eine Stelle als Fahrradkurier an, um im Training zu bleiben.<\/p> <\/div> <\/div><\/div> <div class=\"col-xs-12 col-sm-4 col-padding col-padding-xs bg-color-white\" > <div class=\"row middle-sm\" ><div class=\"col-xs-12 col-sm-fit icon-column\" > <i class=\"fa icon fa-paint-brush bordered round color2\" ><\/i><\/div> <div data-type=\"column\" class=\"col-xs-12 col-sm v-spacing\" ><h5 class=\"\" >AUF DEM KOPF<\/h5><\/div> <\/div> <div class=\"row\" > <div class=\"col-xs-12 col-sm-12\" data-type=\"column\" > <p class=\"\" >\r\n<br >Fast zwei Monate lang hing Henri Matisses Bild \u201eLe Bateau\u201c verkehrtherum im Museum of Modern Art, bis einer Museumsbesucherin der Fehler auffiel.<\/p> <\/div> <\/div><\/div><div class=\"col-xs-12 col-sm-4 col-padding col-padding-xs bg-color-white\" > <div class=\"row middle-sm\" ><div class=\"col-xs-12 col-sm-fit icon-column\" > <i class=\"fa icon fa-ambulance bordered round color2\" ><\/i><\/div> <div data-type=\"column\" class=\"col-xs-12 col-sm v-spacing\" ><h5 class=\"\" >SELBST IST DER ARZT<\/h5><\/div> <\/div> <div class=\"row\" > <div class=\"col-xs-12 col-sm-12\" data-type=\"column\" > <p class=\"\" >\r\n<br >Am 1. Mai 1961 entfernte der an einer S\u00fcdpolarstation stationierte Arzt Leonid Iwanowitsch Rogosow sich selbst den Blinddarm.<\/p> <\/div> <\/div><\/div><div class=\"col-xs-12 col-sm-4 col-padding col-padding-xs bg-color-white\" > <div class=\"row middle-sm\" ><div class=\"col-xs-12 col-sm-fit icon-column\" > <i class=\"fa icon fa-grav bordered round color2\" ><\/i><\/div> <div data-type=\"column\" class=\"col-xs-12 col-sm v-spacing\" ><h5 class=\"\" >FERN DER HEIMAT<\/h5><\/div> <\/div> <div class=\"row\" > <div class=\"col-xs-12 col-sm-12\" data-type=\"column\" > <p class=\"\" >\r\n<br >Die Internationale Raumstation ISS ist seit dem 2. November 2000 st\u00e4ndig besetzt. Dies war somit der letzte Tag, an dem sich alle Menschen gleichzeitig auf der Erde befanden.<\/p> <\/div> <\/div><\/div><\/div><\/div> <\/div>","protected":false},"excerpt":{"rendered":"<p>Brain Cookies IIWenn Sie wissen m\u00f6chten, in welchem Land man einmal die Einf\u00fchrung einer Furzsteuer erwog, welcher Papst erotische Literatur schrieb, weshalb Eintracht Fuhlsb\u00fcttel nur Heimspiele austr\u00e4gt, wo sich der \u00d6sterreichermuskel befindet, warum man beim Br\u00fcckenbau das Fleischgewicht ber\u00fccksichtigt und welche Fu\u00dfballmannschaft als \u201eKrawattenmann des Jahres 2003\u201c ausgezeichnet wurde, erfahren Sie es neben unz\u00e4hligen weiteren&hellip; <br \/> <a class=\"read-more\" href=\"https:\/\/kottmair.eu\/?page_id=663\">Read more<\/a><\/p>\n","protected":false},"author":1,"featured_media":0,"parent":0,"menu_order":0,"comment_status":"closed","ping_status":"closed","template":"pro\/page-templates\/full-width-page.php","meta":[],"_links":{"self":[{"href":"https:\/\/kottmair.eu\/index.php?rest_route=\/wp\/v2\/pages\/663"}],"collection":[{"href":"https:\/\/kottmair.eu\/index.php?rest_route=\/wp\/v2\/pages"}],"about":[{"href":"https:\/\/kottmair.eu\/index.php?rest_route=\/wp\/v2\/types\/page"}],"author":[{"embeddable":true,"href":"https:\/\/kottmair.eu\/index.php?rest_route=\/wp\/v2\/users\/1"}],"replies":[{"embeddable":true,"href":"https:\/\/kottmair.eu\/index.php?rest_route=%2Fwp%2Fv2%2Fcomments&post=663"}],"version-history":[{"count":7,"href":"https:\/\/kottmair.eu\/index.php?rest_route=\/wp\/v2\/pages\/663\/revisions"}],"predecessor-version":[{"id":678,"href":"https:\/\/kottmair.eu\/index.php?rest_route=\/wp\/v2\/pages\/663\/revisions\/678"}],"wp:attachment":[{"href":"https:\/\/kottmair.eu\/index.php?rest_route=%2Fwp%2Fv2%2Fmedia&parent=663"}],"curies":[{"name":"wp","href":"https:\/\/api.w.org\/{rel}","templated":true}]}}