{"id":688,"date":"2022-07-19T11:58:29","date_gmt":"2022-07-19T09:58:29","guid":{"rendered":"https:\/\/kottmair.eu\/?page_id=688"},"modified":"2022-07-19T17:16:05","modified_gmt":"2022-07-19T15:16:05","slug":"impressum","status":"publish","type":"page","link":"https:\/\/kottmair.eu\/?page_id=688","title":{"rendered":"Impressum"},"content":{"rendered":"<div data-label=\"Overlappable\" data-id=\"overlappable--1\" data-export-id=\"overlappable-4\" data-category=\"overlappable\" class=\"overlappable-4 content-section content-section-spacing\" data-overlap=\"true\" id=\"overlappable-1\"  style=\"background-color: rgb(255, 255, 255);\"><div class=\"gridContainer\" > <div data-type=\"row\" class=\"row spaced-cols text-center\" > <div class=\"col-xs-12 col-sm-4 col-padding col-md-12 \" >  <div data-type=\"column\" class=\"\" > <p  class=\"lead\" style=\"text-align: left;\">Verantwortlich f\u00fcr dieses Internetangebot ist:\n<br ><br >Florian Kottmair\n<br >Am R\u00f6merring 21\n<br >86453 Dasing\n<br >E-Mail: florian@kottmair.net<\/p><p  class=\"lead\" style=\"text-align: left;\">&nbsp;&nbsp;<\/p><h2 class=\"\"  style=\"text-align: left;\">Rechtliche Hinweise<\/h2><p  class=\"lead\" style=\"text-align: left;\">\n<u >Links auf Websites anderer Anbieter<\/u><br ><br >Die auf diesen Seiten vorhandenen Links zu Inhalten von Internet-Seiten Dritter (&#8222;fremden Inhalten&#8220;) wurden nach bestem Wissen und unter Beachtung gr\u00f6\u00dftm\u00f6glicher Sorgfalt erstellt und vermitteln lediglich den Zugang zu diesen Inhalten. Dabei wurde auf die Vertrauensw\u00fcrdigkeit dritter Anbieter und die Fehlerfreiheit sowie Rechtm\u00e4\u00dfigkeit der fremden Inhalte besonders geachtet.<br >\nDie fremden Inhalte wurden bei der erstmaligen Link-Setzung daraufhin \u00fcberpr\u00fcft, ob durch sie eine m\u00f6gliche zivilrechtliche oder strafrechtliche Verantwortlichkeit ausgel\u00f6st wird. Es ist jedoch nicht auszuschlie\u00dfen, dass die Inhalte im Nachhinein von den jeweiligen Anbietern ver\u00e4ndert werden. Wir k\u00f6nnen diese fremden Inhalte aber nicht st\u00e4ndig auf Ver\u00e4nderungen \u00fcberpr\u00fcfen und daher auch keine Verantwortung daf\u00fcr \u00fcbernehmen. Sollten Sie der Ansicht sein, dass die verlinkten externen Seiten gegen geltendes Recht versto\u00dfen, Fehler oder sonstige unangemessenen Inhalte haben, so teilen Sie uns dies bitte mit.\n<br >F\u00fcr Sch\u00e4den aus der Nutzung oder Nichtnutzung fremder Inhalte haftet ausschlie\u00dflich der jeweilige Anbieter der Seite, auf die verwiesen wurde.<br >\n<br ><u >Haftungsbeschr\u00e4nkung<\/u>\n<br ><br >Der Website-Betreiber haftet nicht f\u00fcr Sch\u00e4den, die durch die Nutzung oder Nichtnutzung angebotener Informationen entstehen. F\u00fcr etwaige Sch\u00e4den, die beim Aufrufen oder Herunterladen von Daten durch Computerviren oder der Installation oder Nutzung von Software verursacht werden, wird nicht gehaftet.<\/p><\/div> <\/div> <\/div> <\/div><\/div>","protected":false},"excerpt":{"rendered":"<p>Verantwortlich f\u00fcr dieses Internetangebot ist: Florian Kottmair Am R\u00f6merring 21 86453 Dasing E-Mail: florian@kottmair.net&nbsp;&nbsp;Rechtliche Hinweise Links auf Websites anderer AnbieterDie auf diesen Seiten vorhandenen Links zu Inhalten von Internet-Seiten Dritter (&#8222;fremden Inhalten&#8220;) wurden nach bestem Wissen und unter Beachtung gr\u00f6\u00dftm\u00f6glicher Sorgfalt erstellt und vermitteln lediglich den Zugang zu diesen Inhalten. Dabei wurde auf die Vertrauensw\u00fcrdigkeit&hellip; <br \/> <a class=\"read-more\" href=\"https:\/\/kottmair.eu\/?page_id=688\">Read more<\/a><\/p>\n","protected":false},"author":1,"featured_media":0,"parent":0,"menu_order":0,"comment_status":"closed","ping_status":"closed","template":"pro\/page-templates\/full-width-page.php","meta":[],"_links":{"self":[{"href":"https:\/\/kottmair.eu\/index.php?rest_route=\/wp\/v2\/pages\/688"}],"collection":[{"href":"https:\/\/kottmair.eu\/index.php?rest_route=\/wp\/v2\/pages"}],"about":[{"href":"https:\/\/kottmair.eu\/index.php?rest_route=\/wp\/v2\/types\/page"}],"author":[{"embeddable":true,"href":"https:\/\/kottmair.eu\/index.php?rest_route=\/wp\/v2\/users\/1"}],"replies":[{"embeddable":true,"href":"https:\/\/kottmair.eu\/index.php?rest_route=%2Fwp%2Fv2%2Fcomments&post=688"}],"version-history":[{"count":10,"href":"https:\/\/kottmair.eu\/index.php?rest_route=\/wp\/v2\/pages\/688\/revisions"}],"predecessor-version":[{"id":735,"href":"https:\/\/kottmair.eu\/index.php?rest_route=\/wp\/v2\/pages\/688\/revisions\/735"}],"wp:attachment":[{"href":"https:\/\/kottmair.eu\/index.php?rest_route=%2Fwp%2Fv2%2Fmedia&parent=688"}],"curies":[{"name":"wp","href":"https:\/\/api.w.org\/{rel}","templated":true}]}}