{"id":691,"date":"2022-07-19T11:59:26","date_gmt":"2022-07-19T09:59:26","guid":{"rendered":"https:\/\/kottmair.eu\/?page_id=691"},"modified":"2022-07-20T09:25:10","modified_gmt":"2022-07-20T07:25:10","slug":"datenschutzerklaerung","status":"publish","type":"page","link":"https:\/\/kottmair.eu\/?page_id=691","title":{"rendered":"Datenschutzerkl\u00e4rung"},"content":{"rendered":"<div  data-label=\"Content\" data-id=\"content--1\" data-export-id=\"content-9\" data-category=\"content\" class=\"content-9 content-section content-section-spacing\" id=\"content-1\" style=\"background-color: rgb(255, 255, 255);\"><div  class=\"gridContainer\"> <div  class=\"row text-center\"><div  class=\"section-title-col\" data-type=\"column\">  <p  class=\"lead\" style=\"text-align: left;\"><span  style=\"text-decoration: underline;\">\nGrundlegendes<\/span><br ><br >Diese Datenschutzerkl\u00e4rung soll die Nutzer dieser Website \u00fcber die Art, den Umfang und den Zweck der Erhebung und Verwendung personenbezogener Daten durch den Websitebetreiber Florian Kottmair, Am R\u00f6merring 21, 86453 Dasing, informieren.<br >\n\n<br >Der Websitebetreiber nimmt Ihren Datenschutz sehr ernst und behandelt Ihre personenbezogenen Daten vertraulich und entsprechend der gesetzlichen Vorschriften. Da durch neue Technologien und die st\u00e4ndige Weiterentwicklung dieser Webseite \u00c4nderungen an dieser Datenschutzerkl\u00e4rung vorgenommen werden k\u00f6nnen, empfehlen wir Ihnen sich die Datenschutzerkl\u00e4rung in regelm\u00e4\u00dfigen Abst\u00e4nden wieder durchzulesen.<br >\nDefinitionen verwendeter Begriffe (z.B. \u201epersonenbezogene Daten\u201d oder \u201eVerarbeitung\u201d) finden Sie in Art. 4 DSGVO.<br >\n<br ><span  style=\"text-decoration: underline;\">Zugriffsdaten<\/span>\n<br ><br >Wenn Sie diese Website nutzen, werden nur technisch notwendige Daten (z.B. IP-Adresse, Name und Version des genutzten Internetbrowsers, Betriebssystem, Anzahl und Uhrzeit der Seitenaufrufe), die automatisch durch Ihren Browser an unseren Server \u00fcbermittelt werden oder&nbsp;die durch technisch notwendige oder funktionelle Cookies erforderlich sind, erfasst. Die Erfassung dieser Daten erfolgt automatisch, sobald Sie diese Website betreten.\n<br ><br >\nDurch das Entfernen von Interaktionsm\u00f6glichkeiten, Formularen und Statistik-Erweiterungen hat der Betreiber der Website im Rahmen seiner technischen M\u00f6glichkeiten Sorge getragen, die Nutzung oder Speicherung von personenbezogenen Daten auf ein Minimum zu reduzieren.<br >\n<br >Auf Daten, die durch den genutzten Internet-Browser, die verwendete WordPress-Software oder den Hoster der Website automatisiert erfasst und\/oder gespeichert werden, hat der Websitebetreiber keinen Einfluss.\n<br ><br ><span  style=\"text-decoration: underline;\">Links zu anderen Websites<\/span><br ><br >Die Website enth\u00e4lt Links zu Websites anderer Anbieter. Beim Folgen eines Links und der Angabe von Informationen auf einer Website eines anderen Anbieters ist der Betrieber dieser Website nicht f\u00fcr die Daten verantwortlich, die dabei an den anderen Anbieter \u00fcbergeben werden.\n<br >Diese Datenschutzerkl\u00e4rung gilt nur f\u00fcr diese Website. Beim Besuch verlinkter Websites sollten daher die Datenschutzerkl\u00e4rungen dieser Anbieter gelesen werden.<br >\n<br ><u >Kontaktm\u00f6glichkeiten zu Datenschutzbeauftragten<\/u>\n<br >\n<br >Der Bayerische Landesbeauftragte fuer den Datenschutz (BayLfD)<br >Wagm\u00fcllerstra\u00dfe 18\n<br >80538 M\u00fcnchen<br >Postfach 22 12 19\n<br >80502 M\u00fcnchen<br >Telefon: +49(0)89\/212672-0\n<br >E-Mail: poststelle@datenschutz-bayern.de\n<br ><br >Die Bundesbeauftragte f\u00fcr den Datenschutz und die Informationsfreiheit (BfDI)<br >Graurheindorfer Str. 153<br >\n53117 Bonn\n<br >Telefon: +49(0)228\/997799-0<br >\nE-Mail: poststelle@bfdi.bund.de<\/p><\/div> <\/div> <div  class=\"row space-bottom text-center\" data-type=\"row\"> <div  class=\"col-sm-4 col-padding-small\">   <\/div>   <\/div> <div  class=\"row center-xs middle-xs\"> <div  class=\"col-sm-12\" data-type=\"column\">  <\/div><\/div> <\/div><\/div>","protected":false},"excerpt":{"rendered":"<p>GrundlegendesDiese Datenschutzerkl\u00e4rung soll die Nutzer dieser Website \u00fcber die Art, den Umfang und den Zweck der Erhebung und Verwendung personenbezogener Daten durch den Websitebetreiber Florian Kottmair, Am R\u00f6merring 21, 86453 Dasing, informieren. Der Websitebetreiber nimmt Ihren Datenschutz sehr ernst und behandelt Ihre personenbezogenen Daten vertraulich und entsprechend der gesetzlichen Vorschriften. Da durch neue Technologien und&hellip; <br \/> <a class=\"read-more\" href=\"https:\/\/kottmair.eu\/?page_id=691\">Read more<\/a><\/p>\n","protected":false},"author":1,"featured_media":0,"parent":0,"menu_order":0,"comment_status":"closed","ping_status":"closed","template":"","meta":[],"_links":{"self":[{"href":"https:\/\/kottmair.eu\/index.php?rest_route=\/wp\/v2\/pages\/691"}],"collection":[{"href":"https:\/\/kottmair.eu\/index.php?rest_route=\/wp\/v2\/pages"}],"about":[{"href":"https:\/\/kottmair.eu\/index.php?rest_route=\/wp\/v2\/types\/page"}],"author":[{"embeddable":true,"href":"https:\/\/kottmair.eu\/index.php?rest_route=\/wp\/v2\/users\/1"}],"replies":[{"embeddable":true,"href":"https:\/\/kottmair.eu\/index.php?rest_route=%2Fwp%2Fv2%2Fcomments&post=691"}],"version-history":[{"count":16,"href":"https:\/\/kottmair.eu\/index.php?rest_route=\/wp\/v2\/pages\/691\/revisions"}],"predecessor-version":[{"id":741,"href":"https:\/\/kottmair.eu\/index.php?rest_route=\/wp\/v2\/pages\/691\/revisions\/741"}],"wp:attachment":[{"href":"https:\/\/kottmair.eu\/index.php?rest_route=%2Fwp%2Fv2%2Fmedia&parent=691"}],"curies":[{"name":"wp","href":"https:\/\/api.w.org\/{rel}","templated":true}]}}