{"id":752,"date":"2022-07-20T11:53:53","date_gmt":"2022-07-20T09:53:53","guid":{"rendered":"https:\/\/kottmair.eu\/?page_id=752"},"modified":"2022-07-20T11:58:21","modified_gmt":"2022-07-20T09:58:21","slug":"traumspiel-2","status":"publish","type":"page","link":"https:\/\/kottmair.eu\/?page_id=752","title":{"rendered":"Traumspiel"},"content":{"rendered":"<div data-label=\"About\" data-id=\"about--1\" data-export-id=\"about-10\" data-category=\"about\" class=\"about-10 content-section content-section-spacing\" id=\"about-1\"  style=\"background-color: rgb(255, 255, 255);\"><div class=\"gridContainer\" > <div class=\"row middle-sm text-center\" ><div class=\"col-sm-5 space-bottom-xs content-column\" data-type=\"column\" >  <h2 class=\"\" >Traumspiel<\/h2> <h4 class=\"\" >(noch nicht ver\u00f6ffentlicht)<\/h4><p class=\"\"  style=\"text-align: left;\">Als Max Berger am Ende eines Firmenseminars eine Arbeitskollegin mit einer Autopanne zum n\u00e4chsten Telefon bringen will, ahnt er noch nicht, dass dies der Anfang vom Ende seiner Pl\u00e4ne f\u00fcr ein erholsames Wochenende ist. Was zun\u00e4chst wie der Beginn einer zarten Romanze scheint, ger\u00e4t f\u00fcr Max zum Alptraum. Denn schon bald muss er erkennen: Jeder Mensch hat Geheimnisse. Und die sind manchmal dunkler als erwartet.<br >\n\n<br >Zur selben Zeit verliert der ehemals spiels\u00fcchtige Harry innerhalb weniger Tage seinen Job, wird von seiner Frau verlassen und kehrt verbittert an den Spieltisch zur\u00fcck. Nach einer beispiellosen Gl\u00fccksstr\u00e4hne in einem r\u00e4tselhaften Casino, das laut Eigenwerbung \u201eTr\u00e4ume Wirklichkeit werden\u201c l\u00e4sst, scheint sich auch in Harrys Privatleben pl\u00f6tzlich eine unverhoffte Wende zum Guten zu vollziehen. Doch das Gl\u00fcck w\u00e4hrt nur kurz, denn Harry spielt weiter \u2013 und verliert\u2026<\/p> <a class=\"button color1\" href=\"#\" target=\"_self\" data-cp-link=\"1\" data-icon=\"\" rel=\"noopener\">NOCH NICHT BESTELLBAR<\/a><\/div> <div class=\"col-sm-7 flexbox middle-xs center-xs space-bottom-xs\" ><div class=\"overlay-box middle-xs center-xs flexbox\" > <div class=\"overlay-box-offset offset-border shadow-medium border-color1 hide-xs\" ><\/div> <img class=\"shadow-large\" data-size=\"485x705\" src=\"https:\/\/kottmair.eu\/wp-content\/uploads\/2022\/07\/cropped-Traumspiel-Titelseite-Taschenbuch.jpg\"  title=\"Traumspiel\" alt=\"\"><\/div> <\/div><\/div> <\/div><\/div>","protected":false},"excerpt":{"rendered":"<p>Traumspiel (noch nicht ver\u00f6ffentlicht)Als Max Berger am Ende eines Firmenseminars eine Arbeitskollegin mit einer Autopanne zum n\u00e4chsten Telefon bringen will, ahnt er noch nicht, dass dies der Anfang vom Ende seiner Pl\u00e4ne f\u00fcr ein erholsames Wochenende ist. Was zun\u00e4chst wie der Beginn einer zarten Romanze scheint, ger\u00e4t f\u00fcr Max zum Alptraum. Denn schon bald muss&hellip; <br \/> <a class=\"read-more\" href=\"https:\/\/kottmair.eu\/?page_id=752\">Read more<\/a><\/p>\n","protected":false},"author":1,"featured_media":0,"parent":0,"menu_order":0,"comment_status":"closed","ping_status":"closed","template":"pro\/page-templates\/full-width-page.php","meta":[],"_links":{"self":[{"href":"https:\/\/kottmair.eu\/index.php?rest_route=\/wp\/v2\/pages\/752"}],"collection":[{"href":"https:\/\/kottmair.eu\/index.php?rest_route=\/wp\/v2\/pages"}],"about":[{"href":"https:\/\/kottmair.eu\/index.php?rest_route=\/wp\/v2\/types\/page"}],"author":[{"embeddable":true,"href":"https:\/\/kottmair.eu\/index.php?rest_route=\/wp\/v2\/users\/1"}],"replies":[{"embeddable":true,"href":"https:\/\/kottmair.eu\/index.php?rest_route=%2Fwp%2Fv2%2Fcomments&post=752"}],"version-history":[{"count":2,"href":"https:\/\/kottmair.eu\/index.php?rest_route=\/wp\/v2\/pages\/752\/revisions"}],"predecessor-version":[{"id":759,"href":"https:\/\/kottmair.eu\/index.php?rest_route=\/wp\/v2\/pages\/752\/revisions\/759"}],"wp:attachment":[{"href":"https:\/\/kottmair.eu\/index.php?rest_route=%2Fwp%2Fv2%2Fmedia&parent=752"}],"curies":[{"name":"wp","href":"https:\/\/api.w.org\/{rel}","templated":true}]}}